{"id":30673,"date":"2022-11-21T13:41:03","date_gmt":"2022-11-21T12:41:03","guid":{"rendered":"https:\/\/sandbox1.niris.ch\/?page_id=30673"},"modified":"2025-06-23T16:00:21","modified_gmt":"2025-06-23T14:00:21","slug":"odoo","status":"publish","type":"page","link":"https:\/\/niris.ch\/en\/odoo\/","title":{"rendered":"Impl\u00e9mentation ERP Odoo"},"content":{"rendered":"<p>[et_pb_section fb_built=\u00a0\u00bb1&Prime; admin_label=\u00a0\u00bbsection\u00a0\u00bb _builder_version=\u00a0\u00bb4.16&Prime; global_colors_info=\u00a0\u00bb{}\u00a0\u00bb][et_pb_row admin_label=\u00a0\u00bbrow\u00a0\u00bb _builder_version=\u00a0\u00bb4.16&Prime; background_size=\u00a0\u00bbinitial\u00a0\u00bb background_position=\u00a0\u00bbtop_left\u00a0\u00bb background_repeat=\u00a0\u00bbrepeat\u00a0\u00bb width=\u00a0\u00bb52.9%\u00a0\u00bb custom_padding=\u00a0\u00bb|41px||||\u00a0\u00bb global_colors_info=\u00a0\u00bb{}\u00a0\u00bb][et_pb_column type=\u00a0\u00bb4_4&Prime; _builder_version=\u00a0\u00bb4.16&Prime; custom_padding=\u00a0\u00bb|||\u00a0\u00bb global_colors_info=\u00a0\u00bb{}\u00a0\u00bb custom_padding__hover=\u00a0\u00bb|||\u00a0\u00bb][et_pb_text content_tablet=\u00a0\u00bb<\/p>\n<h1 style=\"%22font-size:29px;\" font-weight:600;%22>LEGAL &amp; TAX CONSULTING<\/h1>\n<h6><span style=\"%22font-family:\" caveat, mistral; color: #ff7100;%22>Is a lawyer still needed?<\/span><\/h6>\n<p><span style=\"%22font-family:\" caveat, mistral; color: #ff7100;%22><\/span><\/p>\n<p style=\"%22font-weight:\" 400; text-align: justify;%22>From drafting<span style=\"%22font-weight:\" 500;%22> <\/span><span style=\"%22font-weight:\" 500;%22>contracts<\/span> or <span style=\"%22font-weight:\" 500;%22>foundation agreements<\/span> , to <span style=\"%22font-weight:\" 500;%22>optimizing financial planning,<\/span> NIRIS and its <span style=\"%22font-weight:\" 500;%22>team of legal experts<\/span> will be able to respond to all your legal and tax issues.<\/p>\n<p style=\"%22font-weight:\" 400; text-align: justify;%22><span style=\"%22font-weight:\" 500;%22>Centralize<\/span> your legal and tax needs at NIRIS. Whether your project is developing in Switzerland or elsewhere in the world, we are always on your side.<\/p>\n<p>\u00a0\u00bb content_phone=\u00a0\u00bb<\/p>\n<h1 style=\"%22font-size:20px;\" font-weight:600;%22>LEGAL &amp; TAX CONSULTING<\/h1>\n<h6><span style=\"%22font-family:\" caveat, mistral; color: #ff7100;%22>Is a lawyer still needed?<\/span><\/h6>\n<p><span style=\"%22font-family:\" caveat, mistral; color: #ff7100;%22><\/span><\/p>\n<p style=\"%22font-weight:\" 400; text-align: justify;%22>From drafting<span style=\"%22font-weight:\" 500;%22> <\/span><span style=\"%22font-weight:\" 500;%22>contracts<\/span> or <span style=\"%22font-weight:\" 500;%22>foundation agreements<\/span> , to <span style=\"%22font-weight:\" 500;%22>optimizing financial planning,<\/span> NIRIS and its <span style=\"%22font-weight:\" 500;%22>team of legal experts<\/span> will be able to respond to all your legal and tax issues.<\/p>\n<p style=\"%22font-weight:\" 400; text-align: justify;%22><span style=\"%22font-weight:\" 500;%22>Centralize<\/span> your legal and tax needs at NIRIS. Whether your project is developing in Switzerland or elsewhere in the world, we are always on your side.<\/p>\n<p>\u00a0\u00bb content_last_edited=\u00a0\u00bbon|phone\u00a0\u00bb admin_label=\u00a0\u00bbConseil juridique et fiscal\u00a0\u00bb _builder_version=\u00a0\u00bb4.20.0&Prime; _module_preset=\u00a0\u00bbdefault\u00a0\u00bb text_font=\u00a0\u00bbRubik|300|||||||\u00a0\u00bb text_line_height=\u00a0\u00bb1.2em\u00a0\u00bb header_font_size=\u00a0\u00bb55px\u00a0\u00bb header_2_font=\u00a0\u00bbRubik|600|||||||\u00a0\u00bb header_2_font_size=\u00a0\u00bb27px\u00a0\u00bb header_2_line_height=\u00a0\u00bb1.1em\u00a0\u00bb header_3_font_size=\u00a0\u00bb29px\u00a0\u00bb header_4_font_size=\u00a0\u00bb30px\u00a0\u00bb header_6_font=\u00a0\u00bbCaveat|600|||||||\u00a0\u00bb header_6_font_size=\u00a0\u00bb22px\u00a0\u00bb module_alignment=\u00a0\u00bbcenter\u00a0\u00bb custom_margin=\u00a0\u00bb0px|0px|0px|0px|false|false\u00a0\u00bb custom_margin_tablet=\u00a0\u00bb0px|0px|0px|0px|false|false\u00a0\u00bb custom_margin_phone=\u00a0\u00bb||0px||false|false\u00a0\u00bb custom_margin_last_edited=\u00a0\u00bbon|phone\u00a0\u00bb custom_padding=\u00a0\u00bb0px|0px|0px|0px|false|false\u00a0\u00bb custom_padding_tablet=\u00a0\u00bb0px|0px|0px|0px|false|false\u00a0\u00bb custom_padding_phone=\u00a0\u00bb0px|0px|0px|0px|false|false\u00a0\u00bb custom_padding_last_edited=\u00a0\u00bbon|tablet\u00a0\u00bb text_font_size_phone=\u00a0\u00bb14px\u00a0\u00bb text_font_size_last_edited=\u00a0\u00bboff|desktop\u00a0\u00bb header_2_font_size_tablet=\u00a0\u00bb27px\u00a0\u00bb header_2_font_size_phone=\u00a0\u00bb20px\u00a0\u00bb header_2_font_size_last_edited=\u00a0\u00bbon|phone\u00a0\u00bb header_3_font_size_tablet=\u00a0\u00bb20px\u00a0\u00bb header_3_font_size_phone=\u00a0\u00bb20px\u00a0\u00bb header_3_font_size_last_edited=\u00a0\u00bbon|phone\u00a0\u00bb header_4_font_size_tablet=\u00a0\u00bb30px\u00a0\u00bb header_4_font_size_phone=\u00a0\u00bb20px\u00a0\u00bb header_4_font_size_last_edited=\u00a0\u00bbon|phone\u00a0\u00bb locked=\u00a0\u00bboff\u00a0\u00bb global_colors_info=\u00a0\u00bb{}\u00a0\u00bb custom_margin__hover_enabled=\u00a0\u00bboff|desktop\u00a0\u00bb]<\/p>\n<h1 style=\"font-size: 29px; font-weight: 600;\">ODOO ERP IMPLEMENTATION<\/h1>\n<h6><span style=\"font-family: caveat, mistral; color: #ff7100;\">Are you looking for a complete, intuitive ERP solution that complies with Swiss regulations?\u00a0<\/span><\/h6>\n<p><span style=\"font-family: caveat, mistral; color: #ff7100;\"><\/span><\/p>\n<p style=\"font-weight: 400; text-align: justify;\">We are <a href=\"https:\/\/www.odoo.com\/fr_FR\/accounting-firms\/country\/suisse-41\/page\/3\">fiduciary partner<\/a>\u00a0and Odoo Switzerland implementation partner. Our fiduciary supports you in <span style=\"font-weight: 500;\">l&rsquo;impl\u00e9mentation d&rsquo;Odoo<\/span>\u00a0and configuring the accounting, invoicing and HR modules<\/p>\n<ul>\n<li style=\"font-weight: 400; text-align: justify;\"><strong>Accounting module:<\/strong> We configure Odoo to meet Swiss accounting requirements: <strong data-start=\"1146\" data-end=\"1258\">accounting plan, Tax, banking integration, accounting entries, financial statements, closing reports, etc. <\/strong>. This service is tailored to local SMEs looking for an ERP aligned with Swiss administrative realities.<\/li>\n<li style=\"font-weight: 400; text-align: justify;\"><strong>Salary and HR module:<\/strong> We implement <strong data-start=\"747\" data-end=\"785\">Odoo\u2019s Swissdec-certified HR module<\/strong>, afin de garantir une gestion des salaires <strong>en conformit\u00e9 avec la l\u00e9gislation suisse<\/strong> to ensure payroll management is fully compliant with Swiss legal standards: AVS, LPP, withholding tax, salary certificates, and EDI Swissdec transmission.\nThis setup ensures reliability, time savings, and regulatory compliance.<\/li>\n<\/ul>\n<p style=\"font-weight: 400; text-align: justify;\">\n<p>[\/et_pb_text][et_pb_image src=\u00a0\u00bbhttps:\/\/niris.ch\/wp-content\/uploads\/2025\/06\/Odoo.png\u00a0\u00bb title_text=\u00a0\u00bbOdoo\u00a0\u00bb align=\u00a0\u00bbcenter\u00a0\u00bb _builder_version=\u00a0\u00bb4.27.4&Prime; _module_preset=\u00a0\u00bbdefault\u00a0\u00bb max_width=\u00a0\u00bb29%\u00a0\u00bb global_colors_info=\u00a0\u00bb{}\u00a0\u00bb][\/et_pb_image][et_pb_text content_tablet=\u00a0\u00bb<\/p>\n<h1 style=\"%22font-size:29px;\" font-weight:600;%22>LEGAL &amp; TAX CONSULTING<\/h1>\n<h6><span style=\"%22font-family:\" caveat, mistral; color: #ff7100;%22>Is a lawyer still needed?<\/span><\/h6>\n<p><span style=\"%22font-family:\" caveat, mistral; color: #ff7100;%22><\/span><\/p>\n<p style=\"%22font-weight:\" 400; text-align: justify;%22>From drafting<span style=\"%22font-weight:\" 500;%22> <\/span><span style=\"%22font-weight:\" 500;%22>contracts<\/span> or <span style=\"%22font-weight:\" 500;%22>foundation agreements<\/span> , to <span style=\"%22font-weight:\" 500;%22>optimizing financial planning,<\/span> NIRIS and its <span style=\"%22font-weight:\" 500;%22>team of legal experts<\/span> will be able to respond to all your legal and tax issues.<\/p>\n<p style=\"%22font-weight:\" 400; text-align: justify;%22><span style=\"%22font-weight:\" 500;%22>Centralize<\/span> your legal and tax needs at NIRIS. Whether your project is developing in Switzerland or elsewhere in the world, we are always on your side.<\/p>\n<p>\u00a0\u00bb content_phone=\u00a0\u00bb<\/p>\n<h1 style=\"%22font-size:20px;\" font-weight:600;%22>LEGAL &amp; TAX CONSULTING<\/h1>\n<h6><span style=\"%22font-family:\" caveat, mistral; color: #ff7100;%22>Is a lawyer still needed?<\/span><\/h6>\n<p><span style=\"%22font-family:\" caveat, mistral; color: #ff7100;%22><\/span><\/p>\n<p style=\"%22font-weight:\" 400; text-align: justify;%22>From drafting<span style=\"%22font-weight:\" 500;%22> <\/span><span style=\"%22font-weight:\" 500;%22>contracts<\/span> or <span style=\"%22font-weight:\" 500;%22>foundation agreements<\/span> , to <span style=\"%22font-weight:\" 500;%22>optimizing financial planning,<\/span> NIRIS and its <span style=\"%22font-weight:\" 500;%22>team of legal experts<\/span> will be able to respond to all your legal and tax issues.<\/p>\n<p style=\"%22font-weight:\" 400; text-align: justify;%22><span style=\"%22font-weight:\" 500;%22>Centralize<\/span> your legal and tax needs at NIRIS. Whether your project is developing in Switzerland or elsewhere in the world, we are always on your side.<\/p>\n<p>\u00a0\u00bb content_last_edited=\u00a0\u00bbon|phone\u00a0\u00bb admin_label=\u00a0\u00bbConseil juridique et fiscal\u00a0\u00bb _builder_version=\u00a0\u00bb4.20.0&Prime; _module_preset=\u00a0\u00bbdefault\u00a0\u00bb text_font=\u00a0\u00bbRubik|300|||||||\u00a0\u00bb text_line_height=\u00a0\u00bb1.2em\u00a0\u00bb header_font_size=\u00a0\u00bb55px\u00a0\u00bb header_2_font=\u00a0\u00bbRubik|600|||||||\u00a0\u00bb header_2_font_size=\u00a0\u00bb27px\u00a0\u00bb header_2_line_height=\u00a0\u00bb1.1em\u00a0\u00bb header_3_font_size=\u00a0\u00bb29px\u00a0\u00bb header_4_font_size=\u00a0\u00bb30px\u00a0\u00bb header_6_font=\u00a0\u00bbCaveat|600|||||||\u00a0\u00bb header_6_font_size=\u00a0\u00bb22px\u00a0\u00bb module_alignment=\u00a0\u00bbcenter\u00a0\u00bb custom_margin=\u00a0\u00bb0px|0px|0px|0px|false|false\u00a0\u00bb custom_margin_tablet=\u00a0\u00bb0px|0px|0px|0px|false|false\u00a0\u00bb custom_margin_phone=\u00a0\u00bb||0px||false|false\u00a0\u00bb custom_margin_last_edited=\u00a0\u00bbon|phone\u00a0\u00bb custom_padding=\u00a0\u00bb0px|0px|0px|0px|false|false\u00a0\u00bb custom_padding_tablet=\u00a0\u00bb0px|0px|0px|0px|false|false\u00a0\u00bb custom_padding_phone=\u00a0\u00bb0px|0px|0px|0px|false|false\u00a0\u00bb custom_padding_last_edited=\u00a0\u00bbon|tablet\u00a0\u00bb text_font_size_phone=\u00a0\u00bb14px\u00a0\u00bb text_font_size_last_edited=\u00a0\u00bboff|desktop\u00a0\u00bb header_2_font_size_tablet=\u00a0\u00bb27px\u00a0\u00bb header_2_font_size_phone=\u00a0\u00bb20px\u00a0\u00bb header_2_font_size_last_edited=\u00a0\u00bbon|phone\u00a0\u00bb header_3_font_size_tablet=\u00a0\u00bb20px\u00a0\u00bb header_3_font_size_phone=\u00a0\u00bb20px\u00a0\u00bb header_3_font_size_last_edited=\u00a0\u00bbon|phone\u00a0\u00bb header_4_font_size_tablet=\u00a0\u00bb30px\u00a0\u00bb header_4_font_size_phone=\u00a0\u00bb20px\u00a0\u00bb header_4_font_size_last_edited=\u00a0\u00bbon|phone\u00a0\u00bb locked=\u00a0\u00bboff\u00a0\u00bb global_colors_info=\u00a0\u00bb{}\u00a0\u00bb custom_margin__hover_enabled=\u00a0\u00bboff|desktop\u00a0\u00bb]<\/p>\n<h1 style=\"font-size: 29px; font-weight: 600;\"><\/h1>\n<h1 style=\"font-size: 29px; font-weight: 600;\"><\/h1>\n<h1 style=\"font-size: 29px; font-weight: 600;\">OUR COMPLEMENTARY ERP SOLUTIONS<\/h1>\n<h6><span style=\"font-family: caveat, mistral; color: #ff7100;\">Vous cherchez d&rsquo;autres solutions ERP?\u00a0<\/span><\/h6>\n<p><span style=\"font-family: caveat, mistral; color: #ff7100;\"><\/span><\/p>\n<p style=\"font-weight: 400; text-align: justify;\">In addition to Odoo, we also support our clients with other solutions <strong data-start=\"1495\" data-end=\"1535\">such as Bexio, Winbiz, SAP, Cr\u00e9sus, and AbaNinja<\/strong>.<br data-start=\"1536\" data-end=\"1539\" \/>We integrate your organizational tools as well: <strong data-start=\"1606\" data-end=\"1644\">Click-Up, Notion, Google Workspace<\/strong>, time tracking, and team collaboration.<br data-start=\"1682\" data-end=\"1685\" \/>On the commercial side, we assist with <strong data-start=\"1749\" data-end=\"1790\">e-commerce setups, point of sale systems (POS Odoo),<\/strong> and<strong data-start=\"1804\" data-end=\"1860\">, website hosting (Infomaniak, WordPress, WooCommerce)<\/strong>.<\/p>\n<p>[\/et_pb_text][\/et_pb_column][\/et_pb_row][\/et_pb_section]<\/p>","protected":false},"excerpt":{"rendered":"<p>IMPLEMENTATION ERP ODOO Vous cherchez une solution ERP compl\u00e8te, intuitive et conforme aux normes suisses?\u00a0 Nous sommes partenaire fiduciaire\u00a0et int\u00e9grateur Odoo Suisse. Notre fiduciaire vous accompagne dans l&rsquo;impl\u00e9mentation d&rsquo;Odoo\u00a0et le param\u00e9trage des modules comptabilit\u00e9, facturation, salaire et RH (conforme Swissdec). Module comptabilit\u00e9 : Nous configurons Odoo selon les exigences comptables suisses : plan comptable, TVA, [&hellip;]<\/p>","protected":false},"author":1,"featured_media":31232,"parent":0,"menu_order":0,"comment_status":"closed","ping_status":"closed","template":"","meta":{"_et_pb_use_builder":"on","_et_pb_old_content":"","_et_gb_content_width":"","footnotes":""},"class_list":["post-30673","page","type-page","status-publish","has-post-thumbnail","hentry"],"yoast_head":"<!-- This site is optimized with the Yoast SEO plugin v20.10 - https:\/\/yoast.com\/wordpress\/plugins\/seo\/ -->\n<title>Impl\u00e9mentation ERP Odoo &ndash; NIRIS SA \u2013 Fiduciaire &amp; Consulting<\/title>\n<meta name=\"description\" content=\"Impl\u00e9mentation Odoo ERP en Suisse avec NIRIS : param\u00e9trage comptable et module RH Swissdec pour une gestion conforme et efficace.\" \/>\n<meta name=\"robots\" content=\"index, follow, max-snippet:-1, max-image-preview:large, max-video-preview:-1\" \/>\n<link rel=\"canonical\" href=\"https:\/\/niris.ch\/en\/odoo\/\" \/>\n<meta property=\"og:locale\" content=\"en_US\" \/>\n<meta property=\"og:type\" content=\"article\" \/>\n<meta property=\"og:title\" content=\"Impl\u00e9mentation ERP Odoo &ndash; NIRIS SA \u2013 Fiduciaire &amp; Consulting\" \/>\n<meta property=\"og:description\" content=\"Impl\u00e9mentation Odoo ERP en Suisse avec NIRIS : param\u00e9trage comptable et module RH Swissdec pour une gestion conforme et efficace.\" \/>\n<meta property=\"og:url\" content=\"https:\/\/niris.ch\/en\/odoo\/\" \/>\n<meta property=\"og:site_name\" content=\"NIRIS SA \u2013 Fiduciaire &amp; Consulting\" \/>\n<meta property=\"article:publisher\" content=\"https:\/\/www.facebook.com\/niris.ch.sa\" \/>\n<meta property=\"article:modified_time\" content=\"2025-06-23T14:00:21+00:00\" \/>\n<meta property=\"og:image\" content=\"https:\/\/niris.ch\/wp-content\/uploads\/2022\/12\/NIRIS_illustrations_prestation_consulting_IT.png\" \/>\n\t<meta property=\"og:image:width\" content=\"1081\" \/>\n\t<meta property=\"og:image:height\" content=\"1081\" \/>\n\t<meta property=\"og:image:type\" content=\"image\/png\" \/>\n<meta name=\"twitter:card\" content=\"summary_large_image\" \/>\n<script type=\"application\/ld+json\" class=\"yoast-schema-graph\">{\"@context\":\"https:\/\/schema.org\",\"@graph\":[{\"@type\":\"WebPage\",\"@id\":\"https:\/\/niris.ch\/odoo\/\",\"url\":\"https:\/\/niris.ch\/odoo\/\",\"name\":\"Impl\u00e9mentation ERP Odoo &ndash; NIRIS SA \u2013 Fiduciaire &amp; Consulting\",\"isPartOf\":{\"@id\":\"https:\/\/niris.ch\/#website\"},\"datePublished\":\"2022-11-21T12:41:03+00:00\",\"dateModified\":\"2025-06-23T14:00:21+00:00\",\"description\":\"Impl\u00e9mentation Odoo ERP en Suisse avec NIRIS : param\u00e9trage comptable et module RH Swissdec pour une gestion conforme et efficace.\",\"breadcrumb\":{\"@id\":\"https:\/\/niris.ch\/odoo\/#breadcrumb\"},\"inLanguage\":\"en-US\",\"potentialAction\":[{\"@type\":\"ReadAction\",\"target\":[\"https:\/\/niris.ch\/odoo\/\"]}]},{\"@type\":\"BreadcrumbList\",\"@id\":\"https:\/\/niris.ch\/odoo\/#breadcrumb\",\"itemListElement\":[{\"@type\":\"ListItem\",\"position\":1,\"name\":\"NIRIS\",\"item\":\"https:\/\/niris.ch\/\"},{\"@type\":\"ListItem\",\"position\":2,\"name\":\"Impl\u00e9mentation ERP Odoo\"}]},{\"@type\":\"WebSite\",\"@id\":\"https:\/\/niris.ch\/#website\",\"url\":\"https:\/\/niris.ch\/\",\"name\":\"NIRIS \u2013 Fiduciaire & Consulting\",\"description\":\"La fiduciaire suisse romande fond\u00e9e par des entrepreneur\u00b7e\u00b7s, pour des entrepreneur\u00b7e\u00b7s\",\"publisher\":{\"@id\":\"https:\/\/niris.ch\/#organization\"},\"alternateName\":\"NIRIS SA \u2013 Fiduciaire & Consulting\",\"potentialAction\":[{\"@type\":\"SearchAction\",\"target\":{\"@type\":\"EntryPoint\",\"urlTemplate\":\"https:\/\/niris.ch\/?s={search_term_string}\"},\"query-input\":\"required name=search_term_string\"}],\"inLanguage\":\"en-US\"},{\"@type\":\"Organization\",\"@id\":\"https:\/\/niris.ch\/#organization\",\"name\":\"NIRIS \u2013 Fiduciaire & Consulting\",\"alternateName\":\"NIRIS SA \u2013 Fiduciaire & Consulting\",\"url\":\"https:\/\/niris.ch\/\",\"logo\":{\"@type\":\"ImageObject\",\"inLanguage\":\"en-US\",\"@id\":\"https:\/\/niris.ch\/#\/schema\/logo\/image\/\",\"url\":\"https:\/\/niris.ch\/wp-content\/uploads\/2022\/12\/NIRIS_LOGO_complet_WEB_violet.png\",\"contentUrl\":\"https:\/\/niris.ch\/wp-content\/uploads\/2022\/12\/NIRIS_LOGO_complet_WEB_violet.png\",\"width\":1080,\"height\":1080,\"caption\":\"NIRIS \u2013 Fiduciaire & Consulting\"},\"image\":{\"@id\":\"https:\/\/niris.ch\/#\/schema\/logo\/image\/\"},\"sameAs\":[\"https:\/\/www.facebook.com\/niris.ch.sa\",\"https:\/\/www.linkedin.com\/company\/niris-sa\/\",\"https:\/\/www.instagram.com\/niris.ch\/\"]}]}<\/script>\n<!-- \/ Yoast SEO plugin. -->","yoast_head_json":{"title":"Impl\u00e9mentation ERP Odoo &ndash; NIRIS SA \u2013 Fiduciaire &amp; Consulting","description":"Impl\u00e9mentation Odoo ERP en Suisse avec NIRIS : param\u00e9trage comptable et module RH Swissdec pour une gestion conforme et efficace.","robots":{"index":"index","follow":"follow","max-snippet":"max-snippet:-1","max-image-preview":"max-image-preview:large","max-video-preview":"max-video-preview:-1"},"canonical":"https:\/\/niris.ch\/en\/odoo\/","og_locale":"en_US","og_type":"article","og_title":"Impl\u00e9mentation ERP Odoo &ndash; NIRIS SA \u2013 Fiduciaire &amp; Consulting","og_description":"Impl\u00e9mentation Odoo ERP en Suisse avec NIRIS : param\u00e9trage comptable et module RH Swissdec pour une gestion conforme et efficace.","og_url":"https:\/\/niris.ch\/en\/odoo\/","og_site_name":"NIRIS SA \u2013 Fiduciaire &amp; Consulting","article_publisher":"https:\/\/www.facebook.com\/niris.ch.sa","article_modified_time":"2025-06-23T14:00:21+00:00","og_image":[{"width":1081,"height":1081,"url":"https:\/\/niris.ch\/wp-content\/uploads\/2022\/12\/NIRIS_illustrations_prestation_consulting_IT.png","type":"image\/png"}],"twitter_card":"summary_large_image","schema":{"@context":"https:\/\/schema.org","@graph":[{"@type":"WebPage","@id":"https:\/\/niris.ch\/odoo\/","url":"https:\/\/niris.ch\/odoo\/","name":"Impl\u00e9mentation ERP Odoo &ndash; NIRIS SA \u2013 Fiduciaire &amp; Consulting","isPartOf":{"@id":"https:\/\/niris.ch\/#website"},"datePublished":"2022-11-21T12:41:03+00:00","dateModified":"2025-06-23T14:00:21+00:00","description":"Impl\u00e9mentation Odoo ERP en Suisse avec NIRIS : param\u00e9trage comptable et module RH Swissdec pour une gestion conforme et efficace.","breadcrumb":{"@id":"https:\/\/niris.ch\/odoo\/#breadcrumb"},"inLanguage":"en-US","potentialAction":[{"@type":"ReadAction","target":["https:\/\/niris.ch\/odoo\/"]}]},{"@type":"BreadcrumbList","@id":"https:\/\/niris.ch\/odoo\/#breadcrumb","itemListElement":[{"@type":"ListItem","position":1,"name":"NIRIS","item":"https:\/\/niris.ch\/"},{"@type":"ListItem","position":2,"name":"Impl\u00e9mentation ERP Odoo"}]},{"@type":"WebSite","@id":"https:\/\/niris.ch\/#website","url":"https:\/\/niris.ch\/","name":"NIRIS \u2013 Fiduciaire & Consulting","description":"La fiduciaire suisse romande fond\u00e9e par des entrepreneur\u00b7e\u00b7s, pour des entrepreneur\u00b7e\u00b7s","publisher":{"@id":"https:\/\/niris.ch\/#organization"},"alternateName":"NIRIS SA \u2013 Fiduciaire & Consulting","potentialAction":[{"@type":"SearchAction","target":{"@type":"EntryPoint","urlTemplate":"https:\/\/niris.ch\/?s={search_term_string}"},"query-input":"required name=search_term_string"}],"inLanguage":"en-US"},{"@type":"Organization","@id":"https:\/\/niris.ch\/#organization","name":"NIRIS \u2013 Fiduciaire & Consulting","alternateName":"NIRIS SA \u2013 Fiduciaire & Consulting","url":"https:\/\/niris.ch\/","logo":{"@type":"ImageObject","inLanguage":"en-US","@id":"https:\/\/niris.ch\/#\/schema\/logo\/image\/","url":"https:\/\/niris.ch\/wp-content\/uploads\/2022\/12\/NIRIS_LOGO_complet_WEB_violet.png","contentUrl":"https:\/\/niris.ch\/wp-content\/uploads\/2022\/12\/NIRIS_LOGO_complet_WEB_violet.png","width":1080,"height":1080,"caption":"NIRIS \u2013 Fiduciaire & Consulting"},"image":{"@id":"https:\/\/niris.ch\/#\/schema\/logo\/image\/"},"sameAs":["https:\/\/www.facebook.com\/niris.ch.sa","https:\/\/www.linkedin.com\/company\/niris-sa\/","https:\/\/www.instagram.com\/niris.ch\/"]}]}},"_links":{"self":[{"href":"https:\/\/niris.ch\/en\/wp-json\/wp\/v2\/pages\/30673","targetHints":{"allow":["GET"]}}],"collection":[{"href":"https:\/\/niris.ch\/en\/wp-json\/wp\/v2\/pages"}],"about":[{"href":"https:\/\/niris.ch\/en\/wp-json\/wp\/v2\/types\/page"}],"author":[{"embeddable":true,"href":"https:\/\/niris.ch\/en\/wp-json\/wp\/v2\/users\/1"}],"replies":[{"embeddable":true,"href":"https:\/\/niris.ch\/en\/wp-json\/wp\/v2\/comments?post=30673"}],"version-history":[{"count":33,"href":"https:\/\/niris.ch\/en\/wp-json\/wp\/v2\/pages\/30673\/revisions"}],"predecessor-version":[{"id":33137,"href":"https:\/\/niris.ch\/en\/wp-json\/wp\/v2\/pages\/30673\/revisions\/33137"}],"wp:featuredmedia":[{"embeddable":true,"href":"https:\/\/niris.ch\/en\/wp-json\/wp\/v2\/media\/31232"}],"wp:attachment":[{"href":"https:\/\/niris.ch\/en\/wp-json\/wp\/v2\/media?parent=30673"}],"curies":[{"name":"wp","href":"https:\/\/api.w.org\/{rel}","templated":true}]}}